{"id":26,"date":"2023-10-06T07:59:35","date_gmt":"2023-10-06T05:59:35","guid":{"rendered":"https:\/\/compagniebravotheatre.fr\/?page_id=26"},"modified":"2023-10-06T12:19:08","modified_gmt":"2023-10-06T10:19:08","slug":"la-compagnie-bravo","status":"publish","type":"page","link":"https:\/\/compagniebravotheatre.fr\/index.php\/la-compagnie-bravo\/","title":{"rendered":"La Compagnie BRAVO"},"content":{"rendered":"\n<p><\/p>\n\n\n\n<p><\/p>\n\n\n\n<p><\/p>\n\n\n\n<p>La Compagnie Bravo Th\u00e9\u00e2tre \u00e0 Combrit (29120) a \u00e9t\u00e9 cr\u00e9\u00e9e en 2017 avec la volont\u00e9 de s&#8217;installer durablement dans le Finist\u00e8re.&nbsp;<\/p>\n\n\n\n<p>La voix, le corps du com\u00e9dien,&nbsp; les textes &#8211; contemporains ou non &#8211; sont les vecteurs d&#8217;\u00e9motions et de compr\u00e9hension du monde , voil\u00e0 ce qui guide le travail de Ma\u00ef David.&nbsp;Elle aime un Th\u00e9\u00e2tre de la simplicit\u00e9,&nbsp; centr\u00e9 sur le travail de l&#8217;acteur.&nbsp;<\/p>\n\n\n\n<p>&#8220;L&#8217;artiste doit prendre le monde en r\u00e9paration dans son atelier&#8221; dit Francis Ponge. La salle de Th\u00e9\u00e2tre reste un lieu privil\u00e9gi\u00e9 o\u00f9 des Hommes et des Femmes parlent \u00e0 d&#8217;autres Hommes et d&#8217;autres Femmes pour partager une vision, une construction dans l&#8217;empathie et le partage. Lieu de la communion et de l&#8217;\u00e9coute, la repr\u00e9sentation est un temps d&#8217;\u00e9change et de ressenti brut et sans danger o\u00f9 le com\u00e9dien se fait le passeur d&#8217;une langue, d&#8217;un po\u00e8me, d&#8217;une pi\u00e8ce de th\u00e9\u00e2tre.&nbsp;<\/p>\n\n\n\n<p>Outre les Ateliers et Stages, Ma\u00ef DAVID travaille avec Ga\u00eblle H\u00e9raut \u00e0 la cr\u00e9ation du premier spectacle de la Compagnie : &#8220;La part sombre&#8221;.<\/p>\n\n\n\n<p><\/p>\n\n\n\n<p>Direction Artistique <strong>Ma\u00ef DAVID<\/strong><\/p>\n\n\n\n<div class=\"wp-block-columns is-layout-flex wp-container-core-columns-is-layout-9d6595d7 wp-block-columns-is-layout-flex\">\n<div class=\"wp-block-column is-layout-flow wp-block-column-is-layout-flow\">\n<p>Apr\u00e8s une licence de Lettres Modernes, elle est form\u00e9e \u00e0 L&#8217;ESAD et au Conservatoire National Sup\u00e9rieur d&#8217;Art Dramatique, avec, comme professeur : Catherine Hiegel, Dominique Valadi\u00e9, Denis Podalyd\u00e8s, Mario Gonzal\u00e8s&#8230;Egalement musicienne elle poss\u00e8de un dipl\u00f4me de Fin d&#8217;Etudes de clarinette. Au th\u00e9\u00e2tre elle travaille , entre autres, avec Michel Vinaver, Philippe Adrien, Lukas Hemleb, Christian Colin, Anne Torr\u00e8s, C\u00e9cile Rist,&nbsp; Vincent Macaigne, Eva Doumbia&#8230;( \u00e0 La colline, au&nbsp; th\u00e9\u00e2tre de Gennevilliers, \u00e0 la Maison de la Culture de Bourges, au Th\u00e9\u00e2tre des Artistic Ath\u00e9vains, au festival d&#8217;Avignon&#8230;)<\/p>\n\n\n\n<p>Au cin\u00e9ma, elle a \u00e9t\u00e9 dirig\u00e9e par Patrice Chereau, Philippe Garrel, Jean-Paul Civeyrac , Fr\u00e9d\u00e9ric Schoendoerffer, Bruno Fran\u00e7ois-Boucher, Tiburce&#8230; En tant que p\u00e9dagogue elle a donn\u00e9 des cours aux enfants, adolescents et adultes pendant trois ans dans le cadre d&#8217;une compagnie en Essonne, deux ans a Paris, et cinq ann\u00e9es en Finist\u00e8re.&nbsp;<\/p>\n\n\n\n<p>Elle fonde la Compagnie Bravo Th\u00e9\u00e2tre en 2017 en Finist\u00e8re \u00e0 Combrit.&nbsp;<\/p>\n\n\n\n<p>Aussi \u00e0 l&#8217;aise avec le corps qu&#8217;avec l&#8217;esprit, elle aime le Th\u00e9\u00e2tre transversal et engag\u00e9.&nbsp;<\/p>\n\n\n\n<p class=\"has-text-align-center\"><strong>POUR CONTACTER LA COMPAGNIE BRAVO<\/strong><\/p>\n\n\n\n<p class=\"has-text-align-center\">T\u00e9l : 06 61 14 19 77<\/p>\n\n\n\n<p class=\"has-text-align-center\">mai.david14@yahoo.com<\/p>\n\n\n\n<p class=\"has-text-align-center\"><\/p>\n\n\n\n<p><\/p>\n<\/div>\n\n\n\n<div class=\"wp-block-column is-layout-flow wp-block-column-is-layout-flow\">\n<figure class=\"wp-block-image size-full\"><img fetchpriority=\"high\" decoding=\"async\" width=\"720\" height=\"727\" src=\"http:\/\/compagniebravotheatre.fr\/wp-content\/uploads\/2023\/10\/mai-david.jpg\" alt=\"\" class=\"wp-image-21\" srcset=\"https:\/\/compagniebravotheatre.fr\/wp-content\/uploads\/2023\/10\/mai-david.jpg 720w, https:\/\/compagniebravotheatre.fr\/wp-content\/uploads\/2023\/10\/mai-david-297x300.jpg 297w, https:\/\/compagniebravotheatre.fr\/wp-content\/uploads\/2023\/10\/mai-david-150x150.jpg 150w\" sizes=\"(max-width: 720px) 100vw, 720px\" \/><\/figure>\n<\/div>\n<\/div>\n\n\n\n<p class=\"has-text-align-center\"><strong>Derniers spectacles de Ma\u00ef DAVID<\/strong><\/p>\n\n\n<div class=\"wp-block-image\">\n<figure class=\"aligncenter size-large\"><img decoding=\"async\" width=\"724\" height=\"1024\" src=\"http:\/\/compagniebravotheatre.fr\/wp-content\/uploads\/2023\/10\/affiche-ulysse-724x1024.jpg\" alt=\"\" class=\"wp-image-7\" srcset=\"https:\/\/compagniebravotheatre.fr\/wp-content\/uploads\/2023\/10\/affiche-ulysse-724x1024.jpg 724w, https:\/\/compagniebravotheatre.fr\/wp-content\/uploads\/2023\/10\/affiche-ulysse-212x300.jpg 212w, https:\/\/compagniebravotheatre.fr\/wp-content\/uploads\/2023\/10\/affiche-ulysse-768x1087.jpg 768w, https:\/\/compagniebravotheatre.fr\/wp-content\/uploads\/2023\/10\/affiche-ulysse.jpg 1080w\" sizes=\"(max-width: 724px) 100vw, 724px\" \/><\/figure>\n<\/div>\n\n<div class=\"wp-block-image\">\n<figure class=\"aligncenter size-large is-resized\"><img decoding=\"async\" src=\"http:\/\/compagniebravotheatre.fr\/wp-content\/uploads\/2023\/10\/IMG_0166-edited-1024x683.jpg\" alt=\"\" class=\"wp-image-92\" style=\"width:718px;height:479px\" width=\"718\" height=\"479\" srcset=\"https:\/\/compagniebravotheatre.fr\/wp-content\/uploads\/2023\/10\/IMG_0166-edited-1024x683.jpg 1024w, https:\/\/compagniebravotheatre.fr\/wp-content\/uploads\/2023\/10\/IMG_0166-edited-300x200.jpg 300w, https:\/\/compagniebravotheatre.fr\/wp-content\/uploads\/2023\/10\/IMG_0166-edited-768x512.jpg 768w, https:\/\/compagniebravotheatre.fr\/wp-content\/uploads\/2023\/10\/IMG_0166-edited-1536x1024.jpg 1536w, https:\/\/compagniebravotheatre.fr\/wp-content\/uploads\/2023\/10\/IMG_0166-edited-2048x1365.jpg 2048w, https:\/\/compagniebravotheatre.fr\/wp-content\/uploads\/2023\/10\/IMG_0166-edited-930x620.jpg 930w\" sizes=\"(max-width: 718px) 100vw, 718px\" \/><figcaption class=\"wp-element-caption\"><strong><mark style=\"background-color:rgba(0, 0, 0, 0)\" class=\"has-inline-color has-neve-text-color-color\"><a href=\"https:\/\/compagniebravotheatre.fr\/wp-content\/uploads\/2023\/10\/dossier_part_sombre_web.pdf\" data-type=\"attachment\" data-id=\"10\">La Part Sombre<\/a><\/mark><\/strong><\/figcaption><\/figure>\n<\/div>","protected":false},"excerpt":{"rendered":"<p>La Compagnie Bravo Th\u00e9\u00e2tre \u00e0 Combrit (29120) a \u00e9t\u00e9 cr\u00e9\u00e9e en 2017 avec la volont\u00e9 de s&#8217;installer durablement dans le Finist\u00e8re.&nbsp; La voix, le corps du com\u00e9dien,&nbsp; les textes &#8211; contemporains ou non &#8211; sont les vecteurs d&#8217;\u00e9motions et de compr\u00e9hension du monde , voil\u00e0 ce qui guide le travail de Ma\u00ef David.&nbsp;Elle aime un&hellip;&nbsp;<a href=\"https:\/\/compagniebravotheatre.fr\/index.php\/la-compagnie-bravo\/\" rel=\"bookmark\"><span class=\"screen-reader-text\">La Compagnie BRAVO<\/span><\/a><\/p>\n","protected":false},"author":1,"featured_media":0,"parent":0,"menu_order":0,"comment_status":"closed","ping_status":"closed","template":"","meta":{"neve_meta_sidebar":"full-width","neve_meta_container":"","neve_meta_enable_content_width":"","neve_meta_content_width":0,"neve_meta_title_alignment":"center","neve_meta_author_avatar":"","neve_post_elements_order":"","neve_meta_disable_header":"","neve_meta_disable_footer":"on","neve_meta_disable_title":"off","footnotes":""},"class_list":["post-26","page","type-page","status-publish","hentry"],"_links":{"self":[{"href":"https:\/\/compagniebravotheatre.fr\/index.php\/wp-json\/wp\/v2\/pages\/26","targetHints":{"allow":["GET"]}}],"collection":[{"href":"https:\/\/compagniebravotheatre.fr\/index.php\/wp-json\/wp\/v2\/pages"}],"about":[{"href":"https:\/\/compagniebravotheatre.fr\/index.php\/wp-json\/wp\/v2\/types\/page"}],"author":[{"embeddable":true,"href":"https:\/\/compagniebravotheatre.fr\/index.php\/wp-json\/wp\/v2\/users\/1"}],"replies":[{"embeddable":true,"href":"https:\/\/compagniebravotheatre.fr\/index.php\/wp-json\/wp\/v2\/comments?post=26"}],"version-history":[{"count":9,"href":"https:\/\/compagniebravotheatre.fr\/index.php\/wp-json\/wp\/v2\/pages\/26\/revisions"}],"predecessor-version":[{"id":94,"href":"https:\/\/compagniebravotheatre.fr\/index.php\/wp-json\/wp\/v2\/pages\/26\/revisions\/94"}],"wp:attachment":[{"href":"https:\/\/compagniebravotheatre.fr\/index.php\/wp-json\/wp\/v2\/media?parent=26"}],"curies":[{"name":"wp","href":"https:\/\/api.w.org\/{rel}","templated":true}]}}