{"id":28,"date":"2023-10-06T08:00:05","date_gmt":"2023-10-06T06:00:05","guid":{"rendered":"https:\/\/compagniebravotheatre.fr\/?page_id=28"},"modified":"2023-10-06T09:41:13","modified_gmt":"2023-10-06T07:41:13","slug":"ateliers-theatre","status":"publish","type":"page","link":"https:\/\/compagniebravotheatre.fr\/index.php\/ateliers-theatre\/","title":{"rendered":"Ateliers Th\u00e9\u00e2tre"},"content":{"rendered":"\n<p><\/p>\n\n\n\n<p><\/p>\n\n\n\n<div class=\"wp-block-columns is-layout-flex wp-container-core-columns-is-layout-9d6595d7 wp-block-columns-is-layout-flex\">\n<div class=\"wp-block-column is-layout-flow wp-block-column-is-layout-flow\">\n<p class=\"has-text-align-center\"><strong>POUR CONTACTER LA COMPAGNIE BRAVO<\/strong><\/p>\n\n\n\n<p class=\"has-text-align-center\">T\u00e9l : 06 61 14 19 77<\/p>\n\n\n\n<p class=\"has-text-align-center\">mai.david14@yahoo.com<\/p>\n\n\n\n<p class=\"has-text-align-center\"><strong>ATELIERS THEATRE A LA SALLE CROAS VER \u00e0 COMBRIT<\/strong><\/p>\n\n\n\n<p class=\"has-text-align-center\"><a href=\"https:\/\/compagniebravotheatre.fr\/wp-content\/uploads\/2023\/10\/Fiche-inscription-adultes-2023.pdf\" data-type=\"attachment\" data-id=\"13\">T\u00e9l\u00e9charger Fiche d&#8217;Inscription 2023 adultes<\/a><\/p>\n\n\n\n<p><\/p>\n\n\n\n<p class=\"has-text-align-center\"><a href=\"https:\/\/compagniebravotheatre.fr\/wp-content\/uploads\/2023\/10\/Fiche-inscription-ados-2023.pdf\" data-type=\"attachment\" data-id=\"60\">T\u00e9l\u00e9charger Fiche d&#8217;Inscription 2023 ados<\/a><\/p>\n<\/div>\n\n\n\n<div class=\"wp-block-column is-layout-flow wp-block-column-is-layout-flow\">\n<figure class=\"wp-block-image size-large\"><img fetchpriority=\"high\" decoding=\"async\" width=\"746\" height=\"1024\" src=\"http:\/\/compagniebravotheatre.fr\/wp-content\/uploads\/2023\/10\/flyer-debut-dannee2-746x1024.jpg\" alt=\"\" class=\"wp-image-14\" srcset=\"https:\/\/compagniebravotheatre.fr\/wp-content\/uploads\/2023\/10\/flyer-debut-dannee2-746x1024.jpg 746w, https:\/\/compagniebravotheatre.fr\/wp-content\/uploads\/2023\/10\/flyer-debut-dannee2-219x300.jpg 219w, https:\/\/compagniebravotheatre.fr\/wp-content\/uploads\/2023\/10\/flyer-debut-dannee2-768x1054.jpg 768w, https:\/\/compagniebravotheatre.fr\/wp-content\/uploads\/2023\/10\/flyer-debut-dannee2.jpg 987w\" sizes=\"(max-width: 746px) 100vw, 746px\" \/><\/figure>\n<\/div>\n<\/div>\n","protected":false},"excerpt":{"rendered":"<p>POUR CONTACTER LA COMPAGNIE BRAVO T\u00e9l : 06 61 14 19 77 mai.david14@yahoo.com ATELIERS THEATRE A LA SALLE CROAS VER \u00e0 COMBRIT T\u00e9l\u00e9charger Fiche d&#8217;Inscription 2023 adultes T\u00e9l\u00e9charger Fiche d&#8217;Inscription 2023 ados<\/p>\n","protected":false},"author":1,"featured_media":0,"parent":0,"menu_order":0,"comment_status":"closed","ping_status":"closed","template":"","meta":{"neve_meta_sidebar":"default","neve_meta_container":"default","neve_meta_enable_content_width":"","neve_meta_content_width":0,"neve_meta_title_alignment":"left","neve_meta_author_avatar":"","neve_post_elements_order":"","neve_meta_disable_header":"","neve_meta_disable_footer":"on","neve_meta_disable_title":"off","footnotes":""},"class_list":["post-28","page","type-page","status-publish","hentry"],"_links":{"self":[{"href":"https:\/\/compagniebravotheatre.fr\/index.php\/wp-json\/wp\/v2\/pages\/28","targetHints":{"allow":["GET"]}}],"collection":[{"href":"https:\/\/compagniebravotheatre.fr\/index.php\/wp-json\/wp\/v2\/pages"}],"about":[{"href":"https:\/\/compagniebravotheatre.fr\/index.php\/wp-json\/wp\/v2\/types\/page"}],"author":[{"embeddable":true,"href":"https:\/\/compagniebravotheatre.fr\/index.php\/wp-json\/wp\/v2\/users\/1"}],"replies":[{"embeddable":true,"href":"https:\/\/compagniebravotheatre.fr\/index.php\/wp-json\/wp\/v2\/comments?post=28"}],"version-history":[{"count":9,"href":"https:\/\/compagniebravotheatre.fr\/index.php\/wp-json\/wp\/v2\/pages\/28\/revisions"}],"predecessor-version":[{"id":105,"href":"https:\/\/compagniebravotheatre.fr\/index.php\/wp-json\/wp\/v2\/pages\/28\/revisions\/105"}],"wp:attachment":[{"href":"https:\/\/compagniebravotheatre.fr\/index.php\/wp-json\/wp\/v2\/media?parent=28"}],"curies":[{"name":"wp","href":"https:\/\/api.w.org\/{rel}","templated":true}]}}