{"id":32,"date":"2023-10-06T08:01:35","date_gmt":"2023-10-06T06:01:35","guid":{"rendered":"https:\/\/compagniebravotheatre.fr\/?page_id=32"},"modified":"2025-02-05T08:52:48","modified_gmt":"2025-02-05T07:52:48","slug":"la-part-sombre-creation-theatre-2023","status":"publish","type":"page","link":"https:\/\/compagniebravotheatre.fr\/index.php\/la-part-sombre-creation-theatre-2023\/","title":{"rendered":"La part sombre"},"content":{"rendered":"\n<p><\/p>\n\n\n\n<p><\/p>\n\n\n\n<p><\/p>\n\n\n\n<p class=\"has-text-align-center\"><strong>LA PART SOMBRE<\/strong><\/p>\n\n\n\n<p class=\"has-text-align-center\"><strong>de Ma\u00ef David et Ga\u00eblle H\u00e9raut<\/strong><\/p>\n\n\n\n<p class=\"has-text-align-left\">Une production de la Compagnie Bravo Th\u00e9\u00e2tre. En coproduction avec : La Maison Jeunesse et Culture de Douarnenez et la Ville de Combrit. Et avec le soutien de : L\u2019Armorica \u00e0 Plouguerneau, Le Centre Culturel Bleu Pluriel de Tr\u00e9gueux, Le Strapontin &#8211; Sc\u00e8ne de Territoire de Bretagne pour les Arts du R\u00e9cit, Pont-Scorff.<\/p>\n\n\n\n<p class=\"has-text-align-left\">Contacts : Ma\u00ef David \/ 06 61 14 19 77 \/ mai.david14@yahoo.com <\/p>\n\n\n\n<p class=\"has-text-align-left\">Metteure en sc\u00e8ne : Ga\u00eblle H\u00e9raut \/ 06 72 00 39 65 \/ gaelledelaronde@gmail.com <\/p>\n\n\n\n<p class=\"has-text-align-left\">\u00c9clairagiste : Nolwenn Delcamp Risse \/ 06 61 08 94 82<\/p>\n\n\n\n<p class=\"has-text-align-center\"><strong><a href=\"https:\/\/compagniebravotheatre.fr\/wp-content\/uploads\/2025\/02\/La-part-sombre.pdf\" data-type=\"attachment\" data-id=\"118\">T\u00e9l\u00e9charger le dossier du spectacle LA PART SOMBRE <\/a><\/strong><\/p>\n\n\n\n<p class=\"has-text-align-center\"><strong><a href=\"https:\/\/compagniebravotheatre.fr\/wp-content\/uploads\/2025\/02\/Calendrier-representations-La-Part-sombre.pdf\" data-type=\"attachment\" data-id=\"119\">T\u00e9l\u00e9charger le calendrier des repr\u00e9sentations du spectacle LA PART SOMBRE<\/a><\/strong><\/p>\n\n\n<div class=\"wp-block-image\">\n<figure class=\"aligncenter size-large is-resized\"><img fetchpriority=\"high\" decoding=\"async\" width=\"1024\" height=\"683\" src=\"http:\/\/compagniebravotheatre.fr\/wp-content\/uploads\/2023\/10\/IMG_0166-1024x683.jpg\" alt=\"\" class=\"wp-image-17\" style=\"width:940px;height:627px\" srcset=\"https:\/\/compagniebravotheatre.fr\/wp-content\/uploads\/2023\/10\/IMG_0166-1024x683.jpg 1024w, https:\/\/compagniebravotheatre.fr\/wp-content\/uploads\/2023\/10\/IMG_0166-300x200.jpg 300w, https:\/\/compagniebravotheatre.fr\/wp-content\/uploads\/2023\/10\/IMG_0166-768x512.jpg 768w, https:\/\/compagniebravotheatre.fr\/wp-content\/uploads\/2023\/10\/IMG_0166-1536x1024.jpg 1536w, https:\/\/compagniebravotheatre.fr\/wp-content\/uploads\/2023\/10\/IMG_0166-2048x1365.jpg 2048w\" sizes=\"(max-width: 1024px) 100vw, 1024px\" \/><\/figure>\n<\/div>\n\n\n<p><\/p>\n\n\n<div class=\"wp-block-image\">\n<figure class=\"aligncenter size-large\"><img decoding=\"async\" width=\"1024\" height=\"683\" src=\"http:\/\/compagniebravotheatre.fr\/wp-content\/uploads\/2023\/10\/la-part-sombre-photo-1024x683.jpg\" alt=\"\" class=\"wp-image-19\" srcset=\"https:\/\/compagniebravotheatre.fr\/wp-content\/uploads\/2023\/10\/la-part-sombre-photo-1024x683.jpg 1024w, https:\/\/compagniebravotheatre.fr\/wp-content\/uploads\/2023\/10\/la-part-sombre-photo-300x200.jpg 300w, https:\/\/compagniebravotheatre.fr\/wp-content\/uploads\/2023\/10\/la-part-sombre-photo-768x512.jpg 768w, https:\/\/compagniebravotheatre.fr\/wp-content\/uploads\/2023\/10\/la-part-sombre-photo-1536x1024.jpg 1536w, https:\/\/compagniebravotheatre.fr\/wp-content\/uploads\/2023\/10\/la-part-sombre-photo-2048x1365.jpg 2048w\" sizes=\"(max-width: 1024px) 100vw, 1024px\" \/><\/figure>\n<\/div>\n\n\n<p><\/p>\n\n\n<div class=\"wp-block-image\">\n<figure class=\"aligncenter size-large\"><img decoding=\"async\" width=\"806\" height=\"1024\" src=\"http:\/\/compagniebravotheatre.fr\/wp-content\/uploads\/2023\/10\/la-part-sombre-photo-de-pied-806x1024.jpg\" alt=\"\" class=\"wp-image-18\" srcset=\"https:\/\/compagniebravotheatre.fr\/wp-content\/uploads\/2023\/10\/la-part-sombre-photo-de-pied-806x1024.jpg 806w, https:\/\/compagniebravotheatre.fr\/wp-content\/uploads\/2023\/10\/la-part-sombre-photo-de-pied-236x300.jpg 236w, https:\/\/compagniebravotheatre.fr\/wp-content\/uploads\/2023\/10\/la-part-sombre-photo-de-pied-768x976.jpg 768w, https:\/\/compagniebravotheatre.fr\/wp-content\/uploads\/2023\/10\/la-part-sombre-photo-de-pied-1209x1536.jpg 1209w, https:\/\/compagniebravotheatre.fr\/wp-content\/uploads\/2023\/10\/la-part-sombre-photo-de-pied-1612x2048.jpg 1612w, https:\/\/compagniebravotheatre.fr\/wp-content\/uploads\/2023\/10\/la-part-sombre-photo-de-pied-scaled.jpg 2015w\" sizes=\"(max-width: 806px) 100vw, 806px\" \/><\/figure>\n<\/div>","protected":false},"excerpt":{"rendered":"<p>LA PART SOMBRE de Ma\u00ef David et Ga\u00eblle H\u00e9raut Une production de la Compagnie Bravo Th\u00e9\u00e2tre. En coproduction avec : La Maison Jeunesse et Culture de Douarnenez et la Ville de Combrit. Et avec le soutien de : L\u2019Armorica \u00e0 Plouguerneau, Le Centre Culturel Bleu Pluriel de Tr\u00e9gueux, Le Strapontin &#8211; Sc\u00e8ne de Territoire de&hellip;&nbsp;<a href=\"https:\/\/compagniebravotheatre.fr\/index.php\/la-part-sombre-creation-theatre-2023\/\" rel=\"bookmark\"><span class=\"screen-reader-text\">La part sombre<\/span><\/a><\/p>\n","protected":false},"author":1,"featured_media":0,"parent":0,"menu_order":0,"comment_status":"closed","ping_status":"closed","template":"","meta":{"neve_meta_sidebar":"","neve_meta_container":"default","neve_meta_enable_content_width":"on","neve_meta_content_width":70,"neve_meta_title_alignment":"center","neve_meta_author_avatar":"","neve_post_elements_order":"","neve_meta_disable_header":"off","neve_meta_disable_footer":"on","neve_meta_disable_title":"","footnotes":""},"class_list":["post-32","page","type-page","status-publish","hentry"],"_links":{"self":[{"href":"https:\/\/compagniebravotheatre.fr\/index.php\/wp-json\/wp\/v2\/pages\/32","targetHints":{"allow":["GET"]}}],"collection":[{"href":"https:\/\/compagniebravotheatre.fr\/index.php\/wp-json\/wp\/v2\/pages"}],"about":[{"href":"https:\/\/compagniebravotheatre.fr\/index.php\/wp-json\/wp\/v2\/types\/page"}],"author":[{"embeddable":true,"href":"https:\/\/compagniebravotheatre.fr\/index.php\/wp-json\/wp\/v2\/users\/1"}],"replies":[{"embeddable":true,"href":"https:\/\/compagniebravotheatre.fr\/index.php\/wp-json\/wp\/v2\/comments?post=32"}],"version-history":[{"count":13,"href":"https:\/\/compagniebravotheatre.fr\/index.php\/wp-json\/wp\/v2\/pages\/32\/revisions"}],"predecessor-version":[{"id":136,"href":"https:\/\/compagniebravotheatre.fr\/index.php\/wp-json\/wp\/v2\/pages\/32\/revisions\/136"}],"wp:attachment":[{"href":"https:\/\/compagniebravotheatre.fr\/index.php\/wp-json\/wp\/v2\/media?parent=32"}],"curies":[{"name":"wp","href":"https:\/\/api.w.org\/{rel}","templated":true}]}}